{"id":10,"date":"2026-01-26T14:17:58","date_gmt":"2026-01-26T14:17:58","guid":{"rendered":"https:\/\/margaritalafina.rkinformatika.online\/?page_id=10"},"modified":"2026-01-30T14:09:02","modified_gmt":"2026-01-30T14:09:02","slug":"inicio","status":"publish","type":"page","link":"https:\/\/margaritalafina.com\/eu\/","title":{"rendered":"Hasiera"},"content":{"rendered":"\t\t<div data-elementor-type=\"wp-page\" data-elementor-id=\"10\" class=\"elementor elementor-10\" data-elementor-post-type=\"page\">\n\t\t\t\t<div class=\"elementor-element elementor-element-b95b4de e-flex e-con-boxed e-con e-parent\" data-id=\"b95b4de\" data-element_type=\"container\" data-e-type=\"container\" data-settings=\"{&quot;background_background&quot;:&quot;slideshow&quot;,&quot;background_slideshow_gallery&quot;:[{&quot;id&quot;:131,&quot;url&quot;:&quot;https:\\\/\\\/margaritalafina.com\\\/wp-content\\\/uploads\\\/2026\\\/01\\\/Captura-desde-2026-01-30-11-06-35.png&quot;},{&quot;id&quot;:132,&quot;url&quot;:&quot;https:\\\/\\\/margaritalafina.com\\\/wp-content\\\/uploads\\\/2026\\\/01\\\/Captura-desde-2026-01-30-11-06-59.png&quot;},{&quot;id&quot;:133,&quot;url&quot;:&quot;https:\\\/\\\/margaritalafina.com\\\/wp-content\\\/uploads\\\/2026\\\/01\\\/Captura-desde-2026-01-30-11-09-11.png&quot;}],&quot;background_slideshow_lazyload&quot;:&quot;yes&quot;,&quot;background_slideshow_ken_burns&quot;:&quot;yes&quot;,&quot;background_slideshow_loop&quot;:&quot;yes&quot;,&quot;background_slideshow_slide_duration&quot;:5000,&quot;background_slideshow_slide_transition&quot;:&quot;fade&quot;,&quot;background_slideshow_transition_duration&quot;:500,&quot;background_slideshow_ken_burns_zoom_direction&quot;:&quot;in&quot;}\">\n\t\t\t\t\t<div class=\"e-con-inner\">\n\t\t<div class=\"elementor-element elementor-element-5f21251 e-con-full e-flex e-con e-child\" data-id=\"5f21251\" data-element_type=\"container\" data-e-type=\"container\">\n\t\t\t\t<div class=\"elementor-element elementor-element-4395714 elementor-widget elementor-widget-heading\" data-id=\"4395714\" data-element_type=\"widget\" data-e-type=\"widget\" data-widget_type=\"heading.default\">\n\t\t\t\t\t<h2 class=\"elementor-heading-title elementor-size-default\">Bienvenidos A<\/h2>\t\t\t\t<\/div>\n\t\t\t\t<div class=\"elementor-element elementor-element-9270b91 elementor-widget elementor-widget-heading\" data-id=\"9270b91\" data-element_type=\"widget\" data-e-type=\"widget\" data-widget_type=\"heading.default\">\n\t\t\t\t\t<h2 class=\"elementor-heading-title elementor-size-default\">Margarita La Fina<\/h2>\t\t\t\t<\/div>\n\t\t\t\t<\/div>\n\t\t\t\t\t<\/div>\n\t\t\t\t<\/div>\n\t\t\t\t<section class=\"elementor-section elementor-top-section elementor-element elementor-element-150423d elementor-section-boxed elementor-section-height-default elementor-section-height-default\" data-id=\"150423d\" data-element_type=\"section\" data-e-type=\"section\">\n\t\t\t\t\t\t<div class=\"elementor-container elementor-column-gap-default\">\n\t\t\t\t\t<div class=\"elementor-column elementor-col-100 elementor-top-column elementor-element elementor-element-29c4f73\" data-id=\"29c4f73\" data-element_type=\"column\" data-e-type=\"column\">\n\t\t\t<div class=\"elementor-widget-wrap elementor-element-populated\">\n\t\t\t\t\t\t<section class=\"elementor-section elementor-inner-section elementor-element elementor-element-79c6488 elementor-section-boxed elementor-section-height-default elementor-section-height-default\" data-id=\"79c6488\" data-element_type=\"section\" data-e-type=\"section\">\n\t\t\t\t\t\t<div class=\"elementor-container elementor-column-gap-no\">\n\t\t\t\t\t<div class=\"elementor-column elementor-col-50 elementor-inner-column elementor-element elementor-element-7f34945\" data-id=\"7f34945\" data-element_type=\"column\" data-e-type=\"column\">\n\t\t\t<div class=\"elementor-widget-wrap elementor-element-populated\">\n\t\t\t\t\t\t<div class=\"elementor-element elementor-element-3ff3607 elementor-widget elementor-widget-heading\" data-id=\"3ff3607\" data-element_type=\"widget\" data-e-type=\"widget\" data-widget_type=\"heading.default\">\n\t\t\t\t\t<h2 class=\"elementor-heading-title elementor-size-default\">Sobre Nosotros <\/h2>\t\t\t\t<\/div>\n\t\t\t\t<div class=\"elementor-element elementor-element-71ecd46 elementor-widget elementor-widget-heading\" data-id=\"71ecd46\" data-element_type=\"widget\" data-e-type=\"widget\" data-widget_type=\"heading.default\">\n\t\t\t\t\t<h2 class=\"elementor-heading-title elementor-size-default\">Pasi\u00f3n que nos inspira<\/h2>\t\t\t\t<\/div>\n\t\t\t\t<div class=\"elementor-element elementor-element-0447f69 elementor-widget elementor-widget-button\" data-id=\"0447f69\" data-element_type=\"widget\" data-e-type=\"widget\" data-widget_type=\"button.default\">\n\t\t\t\t\t\t\t\t\t\t<a class=\"elementor-button elementor-button-link elementor-size-sm elementor-animation-hang\" href=\"https:\/\/margaritalafina.com\/carta\/\">\n\t\t\t\t\t\t<span class=\"elementor-button-content-wrapper\">\n\t\t\t\t\t\t\t\t\t<span class=\"elementor-button-text\">Saber M\u00e1s<\/span>\n\t\t\t\t\t<\/span>\n\t\t\t\t\t<\/a>\n\t\t\t\t\t\t\t\t<\/div>\n\t\t\t\t\t<\/div>\n\t\t<\/div>\n\t\t\t\t<div class=\"elementor-column elementor-col-50 elementor-inner-column elementor-element elementor-element-98050bd\" data-id=\"98050bd\" data-element_type=\"column\" data-e-type=\"column\">\n\t\t\t<div class=\"elementor-widget-wrap elementor-element-populated\">\n\t\t\t\t\t\t<div class=\"elementor-element elementor-element-a414367 elementor-widget elementor-widget-text-editor\" data-id=\"a414367\" data-element_type=\"widget\" data-e-type=\"widget\" data-widget_type=\"text-editor.default\">\n\t\t\t\t\t\t\t\t\t<div class=\"flex max-w-full flex-col flex-grow\"><div class=\"min-h-8 text-message flex w-full flex-col items-end gap-2 whitespace-normal break-words [.text-message+&amp;]:mt-5\" dir=\"auto\" data-message-author-role=\"assistant\" data-message-id=\"def7cac0-2707-4442-b93b-c94e77fa0a36\" data-message-model-slug=\"gpt-4o\"><div class=\"flex w-full flex-col gap-1 empty:hidden first:pt-[3px]\"><div class=\"markdown prose w-full break-words dark:prose-invert dark\"><p data-start=\"592\" data-end=\"1188\">En Margarita La Fina, en Astrabudua, Biscay, llevamos la pasi\u00f3n por la pizza artesanal al siguiente nivel. Cada una de nuestras pizzas se elabora de manera artesanal en horno de piedra, siguiendo la aut\u00e9ntica tradici\u00f3n italiana.<\/p><p data-start=\"410\" data-end=\"730\">Nuestra receta comienza con una masa fina y artesana, cuidadosamente trabajada para conseguir la textura perfecta: crujiente por fuera y suave por dentro. Sobre ella, aplicamos nuestra salsa de tomate natural y la mejor mozzarella pulida, logrando un sabor aut\u00e9ntico que recuerda a las pizzer\u00edas de Italia.<\/p><p data-start=\"732\" data-end=\"1014\">En Margarita La Fina no solo servimos pizza: ofrecemos una experiencia gastron\u00f3mica donde la calidad de los ingredientes y la pasi\u00f3n por la tradici\u00f3n se sienten en cada bocado. Ven y descubre por qu\u00e9 nuestras pizzas son la elecci\u00f3n de los amantes del buen comer en Biscay.<\/p><\/div><\/div><\/div><\/div>\t\t\t\t\t\t\t\t<\/div>\n\t\t\t\t\t<\/div>\n\t\t<\/div>\n\t\t\t\t\t<\/div>\n\t\t<\/section>\n\t\t\t\t<section class=\"elementor-section elementor-inner-section elementor-element elementor-element-b20a911 elementor-section-boxed elementor-section-height-default elementor-section-height-default\" data-id=\"b20a911\" data-element_type=\"section\" data-e-type=\"section\">\n\t\t\t\t\t\t<div class=\"elementor-container elementor-column-gap-no\">\n\t\t\t\t\t<div class=\"elementor-column elementor-col-50 elementor-inner-column elementor-element elementor-element-1e82da1\" data-id=\"1e82da1\" data-element_type=\"column\" data-e-type=\"column\">\n\t\t\t<div class=\"elementor-widget-wrap elementor-element-populated\">\n\t\t\t\t\t\t<div class=\"elementor-element elementor-element-1aea116 elementor-widget__width-initial elementor-widget elementor-widget-image\" data-id=\"1aea116\" data-element_type=\"widget\" data-e-type=\"widget\" data-widget_type=\"image.default\">\n\t\t\t\t\t\t\t\t\t\t\t\t\t\t\t<img fetchpriority=\"high\" decoding=\"async\" width=\"704\" height=\"470\" src=\"https:\/\/margaritalafina.com\/wp-content\/uploads\/2026\/01\/Captura-desde-2026-01-30-11-08-12.png\" class=\"attachment-full size-full wp-image-146\" alt=\"\" srcset=\"https:\/\/margaritalafina.com\/wp-content\/uploads\/2026\/01\/Captura-desde-2026-01-30-11-08-12.png 704w, https:\/\/margaritalafina.com\/wp-content\/uploads\/2026\/01\/Captura-desde-2026-01-30-11-08-12-300x200.png 300w, https:\/\/margaritalafina.com\/wp-content\/uploads\/2026\/01\/Captura-desde-2026-01-30-11-08-12-18x12.png 18w\" sizes=\"(max-width: 704px) 100vw, 704px\" \/>\t\t\t\t\t\t\t\t\t\t\t\t\t\t\t<\/div>\n\t\t\t\t<div class=\"elementor-element elementor-element-6f66e2d elementor-widget__width-initial elementor-widget elementor-widget-image\" data-id=\"6f66e2d\" data-element_type=\"widget\" data-e-type=\"widget\" data-widget_type=\"image.default\">\n\t\t\t\t\t\t\t\t\t\t\t\t\t\t\t<img decoding=\"async\" width=\"701\" height=\"468\" src=\"https:\/\/margaritalafina.com\/wp-content\/uploads\/2026\/01\/Captura-desde-2026-01-30-11-07-06.png\" class=\"attachment-large size-large wp-image-144\" alt=\"\" srcset=\"https:\/\/margaritalafina.com\/wp-content\/uploads\/2026\/01\/Captura-desde-2026-01-30-11-07-06.png 701w, https:\/\/margaritalafina.com\/wp-content\/uploads\/2026\/01\/Captura-desde-2026-01-30-11-07-06-300x200.png 300w, https:\/\/margaritalafina.com\/wp-content\/uploads\/2026\/01\/Captura-desde-2026-01-30-11-07-06-18x12.png 18w\" sizes=\"(max-width: 701px) 100vw, 701px\" \/>\t\t\t\t\t\t\t\t\t\t\t\t\t\t\t<\/div>\n\t\t\t\t\t<\/div>\n\t\t<\/div>\n\t\t\t\t<div class=\"elementor-column elementor-col-50 elementor-inner-column elementor-element elementor-element-da5aab5\" data-id=\"da5aab5\" data-element_type=\"column\" data-e-type=\"column\">\n\t\t\t<div class=\"elementor-widget-wrap elementor-element-populated\">\n\t\t\t\t\t\t<div class=\"elementor-element elementor-element-655f87a elementor-widget elementor-widget-image\" data-id=\"655f87a\" data-element_type=\"widget\" data-e-type=\"widget\" data-widget_type=\"image.default\">\n\t\t\t\t\t\t\t\t\t\t\t\t\t\t\t<img decoding=\"async\" width=\"701\" height=\"468\" src=\"https:\/\/margaritalafina.com\/wp-content\/uploads\/2026\/01\/Captura-desde-2026-01-30-11-06-48.png\" class=\"attachment-full size-full wp-image-140\" alt=\"\" srcset=\"https:\/\/margaritalafina.com\/wp-content\/uploads\/2026\/01\/Captura-desde-2026-01-30-11-06-48.png 701w, https:\/\/margaritalafina.com\/wp-content\/uploads\/2026\/01\/Captura-desde-2026-01-30-11-06-48-300x200.png 300w, https:\/\/margaritalafina.com\/wp-content\/uploads\/2026\/01\/Captura-desde-2026-01-30-11-06-48-18x12.png 18w\" sizes=\"(max-width: 701px) 100vw, 701px\" \/>\t\t\t\t\t\t\t\t\t\t\t\t\t\t\t<\/div>\n\t\t\t\t\t<\/div>\n\t\t<\/div>\n\t\t\t\t\t<\/div>\n\t\t<\/section>\n\t\t\t\t\t<\/div>\n\t\t<\/div>\n\t\t\t\t\t<\/div>\n\t\t<\/section>\n\t\t\t\t<section class=\"elementor-section elementor-top-section elementor-element elementor-element-11a1300 elementor-section-boxed elementor-section-height-default elementor-section-height-default\" data-id=\"11a1300\" data-element_type=\"section\" data-e-type=\"section\" data-settings=\"{&quot;background_background&quot;:&quot;classic&quot;}\">\n\t\t\t\t\t\t\t<div class=\"elementor-background-overlay\"><\/div>\n\t\t\t\t\t\t\t<div class=\"elementor-container elementor-column-gap-default\">\n\t\t\t\t\t<div class=\"elementor-column elementor-col-100 elementor-top-column elementor-element elementor-element-69c8c0b\" data-id=\"69c8c0b\" data-element_type=\"column\" data-e-type=\"column\">\n\t\t\t<div class=\"elementor-widget-wrap elementor-element-populated\">\n\t\t\t\t\t\t<div class=\"elementor-element elementor-element-8f7875e elementor-widget elementor-widget-heading\" data-id=\"8f7875e\" data-element_type=\"widget\" data-e-type=\"widget\" data-widget_type=\"heading.default\">\n\t\t\t\t\t<h2 class=\"elementor-heading-title elementor-size-default\">Pizza artesanal al estilo italiano en Astrabudua<\/h2>\t\t\t\t<\/div>\n\t\t\t\t<div class=\"elementor-element elementor-element-cf197a5 elementor-widget elementor-widget-text-editor\" data-id=\"cf197a5\" data-element_type=\"widget\" data-e-type=\"widget\" data-widget_type=\"text-editor.default\">\n\t\t\t\t\t\t\t\t\t<p>Explora nuestros sabores y acomp\u00e1\u00f1alos con la tradici\u00f3n italiana<\/p>\t\t\t\t\t\t\t\t<\/div>\n\t\t\t\t<div class=\"elementor-element elementor-element-78916a7 elementor-align-center elementor-widget elementor-widget-button\" data-id=\"78916a7\" data-element_type=\"widget\" data-e-type=\"widget\" data-widget_type=\"button.default\">\n\t\t\t\t\t\t\t\t\t\t<a class=\"elementor-button elementor-button-link elementor-size-sm elementor-animation-hang\" href=\"https:\/\/margaritalafina.com\/contacto\/\">\n\t\t\t\t\t\t<span class=\"elementor-button-content-wrapper\">\n\t\t\t\t\t\t\t\t\t<span class=\"elementor-button-text\">Contactanos<\/span>\n\t\t\t\t\t<\/span>\n\t\t\t\t\t<\/a>\n\t\t\t\t\t\t\t\t<\/div>\n\t\t\t\t\t<\/div>\n\t\t<\/div>\n\t\t\t\t\t<\/div>\n\t\t<\/section>\n\t\t\t\t<\/div>\n\t\t","protected":false},"excerpt":{"rendered":"<p>Bienvenidos A Margarita La Fina Sobre Nosotros Pasi\u00f3n que nos inspira Saber M\u00e1s En Margarita La Fina, en Astrabudua, Biscay, llevamos la pasi\u00f3n por la pizza artesanal al siguiente nivel. Cada una de nuestras pizzas se elabora de manera artesanal en horno de piedra, siguiendo la aut\u00e9ntica tradici\u00f3n italiana. Nuestra receta comienza con una masa [&hellip;]<\/p>\n","protected":false},"author":1,"featured_media":0,"parent":0,"menu_order":0,"comment_status":"closed","ping_status":"closed","template":"elementor_canvas","meta":{"footnotes":""},"class_list":["post-10","page","type-page","status-publish","hentry"],"yoast_head":"<!-- This site is optimized with the Yoast SEO plugin v27.3 - https:\/\/yoast.com\/product\/yoast-seo-wordpress\/ -->\n<title>Inicio - Margarita La Fina<\/title>\n<meta name=\"robots\" content=\"index, follow, max-snippet:-1, max-image-preview:large, max-video-preview:-1\" \/>\n<link rel=\"canonical\" href=\"https:\/\/margaritalafina.com\/eu\/\" \/>\n<meta property=\"og:locale\" content=\"en_US\" \/>\n<meta property=\"og:type\" content=\"article\" \/>\n<meta property=\"og:title\" content=\"Inicio - Margarita La Fina\" \/>\n<meta property=\"og:description\" content=\"Bienvenidos A Margarita La Fina Sobre Nosotros Pasi\u00f3n que nos inspira Saber M\u00e1s En Margarita La Fina, en Astrabudua, Biscay, llevamos la pasi\u00f3n por la pizza artesanal al siguiente nivel. Cada una de nuestras pizzas se elabora de manera artesanal en horno de piedra, siguiendo la aut\u00e9ntica tradici\u00f3n italiana. Nuestra receta comienza con una masa [&hellip;]\" \/>\n<meta property=\"og:url\" content=\"https:\/\/margaritalafina.com\/eu\/\" \/>\n<meta property=\"og:site_name\" content=\"Margarita La Fina\" \/>\n<meta property=\"article:modified_time\" content=\"2026-01-30T14:09:02+00:00\" \/>\n<meta property=\"og:image\" content=\"https:\/\/margaritalafina.com\/wp-content\/uploads\/2026\/01\/Captura-desde-2026-01-30-11-08-12.png\" \/>\n<meta name=\"twitter:card\" content=\"summary_large_image\" \/>\n<meta name=\"twitter:label1\" content=\"Est. reading time\" \/>\n\t<meta name=\"twitter:data1\" content=\"1 minutua\" \/>\n<script type=\"application\/ld+json\" class=\"yoast-schema-graph\">{\"@context\":\"https:\\\/\\\/schema.org\",\"@graph\":[{\"@type\":\"WebPage\",\"@id\":\"https:\\\/\\\/margaritalafina.com\\\/\",\"url\":\"https:\\\/\\\/margaritalafina.com\\\/\",\"name\":\"Inicio - Margarita La Fina\",\"isPartOf\":{\"@id\":\"https:\\\/\\\/margaritalafina.com\\\/#website\"},\"primaryImageOfPage\":{\"@id\":\"https:\\\/\\\/margaritalafina.com\\\/#primaryimage\"},\"image\":{\"@id\":\"https:\\\/\\\/margaritalafina.com\\\/#primaryimage\"},\"thumbnailUrl\":\"https:\\\/\\\/margaritalafina.com\\\/wp-content\\\/uploads\\\/2026\\\/01\\\/Captura-desde-2026-01-30-11-08-12.png\",\"datePublished\":\"2026-01-26T14:17:58+00:00\",\"dateModified\":\"2026-01-30T14:09:02+00:00\",\"breadcrumb\":{\"@id\":\"https:\\\/\\\/margaritalafina.com\\\/#breadcrumb\"},\"inLanguage\":\"eu\",\"potentialAction\":[{\"@type\":\"ReadAction\",\"target\":[\"https:\\\/\\\/margaritalafina.com\\\/\"]}]},{\"@type\":\"ImageObject\",\"inLanguage\":\"eu\",\"@id\":\"https:\\\/\\\/margaritalafina.com\\\/#primaryimage\",\"url\":\"https:\\\/\\\/margaritalafina.com\\\/wp-content\\\/uploads\\\/2026\\\/01\\\/Captura-desde-2026-01-30-11-08-12.png\",\"contentUrl\":\"https:\\\/\\\/margaritalafina.com\\\/wp-content\\\/uploads\\\/2026\\\/01\\\/Captura-desde-2026-01-30-11-08-12.png\"},{\"@type\":\"BreadcrumbList\",\"@id\":\"https:\\\/\\\/margaritalafina.com\\\/#breadcrumb\",\"itemListElement\":[{\"@type\":\"ListItem\",\"position\":1,\"name\":\"Portada\",\"item\":\"https:\\\/\\\/margaritalafina.com\\\/\"},{\"@type\":\"ListItem\",\"position\":2,\"name\":\"Inicio\"}]},{\"@type\":\"WebSite\",\"@id\":\"https:\\\/\\\/margaritalafina.com\\\/#website\",\"url\":\"https:\\\/\\\/margaritalafina.com\\\/\",\"name\":\"Margarita La Fina\",\"description\":\"Pizzeria\",\"publisher\":{\"@id\":\"https:\\\/\\\/margaritalafina.com\\\/#organization\"},\"potentialAction\":[{\"@type\":\"SearchAction\",\"target\":{\"@type\":\"EntryPoint\",\"urlTemplate\":\"https:\\\/\\\/margaritalafina.com\\\/?s={search_term_string}\"},\"query-input\":{\"@type\":\"PropertyValueSpecification\",\"valueRequired\":true,\"valueName\":\"search_term_string\"}}],\"inLanguage\":\"eu\"},{\"@type\":\"Organization\",\"@id\":\"https:\\\/\\\/margaritalafina.com\\\/#organization\",\"name\":\"Margarita La Fina\",\"url\":\"https:\\\/\\\/margaritalafina.com\\\/\",\"logo\":{\"@type\":\"ImageObject\",\"inLanguage\":\"eu\",\"@id\":\"https:\\\/\\\/margaritalafina.com\\\/#\\\/schema\\\/logo\\\/image\\\/\",\"url\":\"https:\\\/\\\/margaritalafina.com\\\/wp-content\\\/uploads\\\/2026\\\/01\\\/cropped-laparadazunilda.png\",\"contentUrl\":\"https:\\\/\\\/margaritalafina.com\\\/wp-content\\\/uploads\\\/2026\\\/01\\\/cropped-laparadazunilda.png\",\"width\":1046,\"height\":309,\"caption\":\"Margarita La Fina\"},\"image\":{\"@id\":\"https:\\\/\\\/margaritalafina.com\\\/#\\\/schema\\\/logo\\\/image\\\/\"}}]}<\/script>\n<!-- \/ Yoast SEO plugin. -->","yoast_head_json":{"title":"Inicio - Margarita La Fina","robots":{"index":"index","follow":"follow","max-snippet":"max-snippet:-1","max-image-preview":"max-image-preview:large","max-video-preview":"max-video-preview:-1"},"canonical":"https:\/\/margaritalafina.com\/eu\/","og_locale":"en_US","og_type":"article","og_title":"Inicio - Margarita La Fina","og_description":"Bienvenidos A Margarita La Fina Sobre Nosotros Pasi\u00f3n que nos inspira Saber M\u00e1s En Margarita La Fina, en Astrabudua, Biscay, llevamos la pasi\u00f3n por la pizza artesanal al siguiente nivel. Cada una de nuestras pizzas se elabora de manera artesanal en horno de piedra, siguiendo la aut\u00e9ntica tradici\u00f3n italiana. Nuestra receta comienza con una masa [&hellip;]","og_url":"https:\/\/margaritalafina.com\/eu\/","og_site_name":"Margarita La Fina","article_modified_time":"2026-01-30T14:09:02+00:00","og_image":[{"url":"https:\/\/margaritalafina.com\/wp-content\/uploads\/2026\/01\/Captura-desde-2026-01-30-11-08-12.png","type":"","width":"","height":""}],"twitter_card":"summary_large_image","twitter_misc":{"Est. reading time":"1 minutua"},"schema":{"@context":"https:\/\/schema.org","@graph":[{"@type":"WebPage","@id":"https:\/\/margaritalafina.com\/","url":"https:\/\/margaritalafina.com\/","name":"Inicio - Margarita La Fina","isPartOf":{"@id":"https:\/\/margaritalafina.com\/#website"},"primaryImageOfPage":{"@id":"https:\/\/margaritalafina.com\/#primaryimage"},"image":{"@id":"https:\/\/margaritalafina.com\/#primaryimage"},"thumbnailUrl":"https:\/\/margaritalafina.com\/wp-content\/uploads\/2026\/01\/Captura-desde-2026-01-30-11-08-12.png","datePublished":"2026-01-26T14:17:58+00:00","dateModified":"2026-01-30T14:09:02+00:00","breadcrumb":{"@id":"https:\/\/margaritalafina.com\/#breadcrumb"},"inLanguage":"eu","potentialAction":[{"@type":"ReadAction","target":["https:\/\/margaritalafina.com\/"]}]},{"@type":"ImageObject","inLanguage":"eu","@id":"https:\/\/margaritalafina.com\/#primaryimage","url":"https:\/\/margaritalafina.com\/wp-content\/uploads\/2026\/01\/Captura-desde-2026-01-30-11-08-12.png","contentUrl":"https:\/\/margaritalafina.com\/wp-content\/uploads\/2026\/01\/Captura-desde-2026-01-30-11-08-12.png"},{"@type":"BreadcrumbList","@id":"https:\/\/margaritalafina.com\/#breadcrumb","itemListElement":[{"@type":"ListItem","position":1,"name":"Portada","item":"https:\/\/margaritalafina.com\/"},{"@type":"ListItem","position":2,"name":"Inicio"}]},{"@type":"WebSite","@id":"https:\/\/margaritalafina.com\/#website","url":"https:\/\/margaritalafina.com\/","name":"Margarita La Finara","description":"Pizzeria","publisher":{"@id":"https:\/\/margaritalafina.com\/#organization"},"potentialAction":[{"@type":"SearchAction","target":{"@type":"EntryPoint","urlTemplate":"https:\/\/margaritalafina.com\/?s={search_term_string}"},"query-input":{"@type":"PropertyValueSpecification","valueRequired":true,"valueName":"search_term_string"}}],"inLanguage":"eu"},{"@type":"Organization","@id":"https:\/\/margaritalafina.com\/#organization","name":"Margarita La Finara","url":"https:\/\/margaritalafina.com\/","logo":{"@type":"ImageObject","inLanguage":"eu","@id":"https:\/\/margaritalafina.com\/#\/schema\/logo\/image\/","url":"https:\/\/margaritalafina.com\/wp-content\/uploads\/2026\/01\/cropped-laparadazunilda.png","contentUrl":"https:\/\/margaritalafina.com\/wp-content\/uploads\/2026\/01\/cropped-laparadazunilda.png","width":1046,"height":309,"caption":"Margarita La Fina"},"image":{"@id":"https:\/\/margaritalafina.com\/#\/schema\/logo\/image\/"}}]}},"_links":{"self":[{"href":"https:\/\/margaritalafina.com\/eu\/wp-json\/wp\/v2\/pages\/10","targetHints":{"allow":["GET"]}}],"collection":[{"href":"https:\/\/margaritalafina.com\/eu\/wp-json\/wp\/v2\/pages"}],"about":[{"href":"https:\/\/margaritalafina.com\/eu\/wp-json\/wp\/v2\/types\/page"}],"author":[{"embeddable":true,"href":"https:\/\/margaritalafina.com\/eu\/wp-json\/wp\/v2\/users\/1"}],"replies":[{"embeddable":true,"href":"https:\/\/margaritalafina.com\/eu\/wp-json\/wp\/v2\/comments?post=10"}],"version-history":[{"count":67,"href":"https:\/\/margaritalafina.com\/eu\/wp-json\/wp\/v2\/pages\/10\/revisions"}],"predecessor-version":[{"id":365,"href":"https:\/\/margaritalafina.com\/eu\/wp-json\/wp\/v2\/pages\/10\/revisions\/365"}],"wp:attachment":[{"href":"https:\/\/margaritalafina.com\/eu\/wp-json\/wp\/v2\/media?parent=10"}],"curies":[{"name":"wp","href":"https:\/\/api.w.org\/{rel}","templated":true}]}}